{"id":220,"date":"2023-11-28T11:33:36","date_gmt":"2023-11-28T10:33:36","guid":{"rendered":"https:\/\/de.de.studiumwodoru.pl\/?page_id=220"},"modified":"2024-11-21T11:35:07","modified_gmt":"2024-11-21T10:35:07","slug":"ordnung","status":"publish","type":"page","link":"https:\/\/de.studiumwodoru.pl\/en\/ordnung\/","title":{"rendered":"Ordnung"},"content":{"rendered":"\n<p><strong>\u201eWasserstoff f\u00fcr Top-Manager\u201c<\/strong><\/p>\n\n\n\n<p><strong>Definitionen<\/strong><\/p>\n\n\n\n<p><strong>Studium Wodoru (<em>Deutsch: Wasserstoffstudium<\/em>)<\/strong> \u2013 Studium Wodoru sp. z o. o. mit Sitz in Zgorzelec, ul. Daszy\u0144skiego 54a, 59-900 Zgorzelec, f\u00fcr die Bezirksgericht f\u00fcr Breslau Fabryczna in Breslau, IX Handelsabteilung des Landesgerichtsregisters, die Eintragungsakten unter der folgenden Nummer des Landesgerichtsregisters f\u00fchrt: 0001069036<\/p>\n\n\n\n<p><strong>Organisator<\/strong> \u2013 Studium Wodoru sp. z o. o. mit Sitz in Zgorzelec<\/p>\n\n\n\n<p><strong>Ordnung<\/strong> \u2013 eine Reihe von Regeln f\u00fcr die Einschreibung und den Ablauf des von Studium Wodoru organisierten Lernprogramms<\/p>\n\n\n\n<p><strong>Teilnehmer<\/strong> \u2013 eine Person, die zur Teilnahme am Programm \u201eWasserstoff f\u00fcr Top-Manager\u201c eingeladen wurde<\/p>\n\n\n\n<p><strong>Kandidat<\/strong> \u2013 eine Person, die sich um die Teilnahme an dem von Studium Wodoru organisierten Programm bewirbt<\/p>\n\n\n\n<p><strong>Fernunterricht<\/strong> \u2013 Bereitstellung von Programmmunterlagen f\u00fcr den Teilnehmer mithilfe der Fernkommunikationsmittel<\/p>\n\n\n\n<p><strong>Plattform<\/strong> \u2013 Plattform, die den Teilnehmern vom Organisator zur Verf\u00fcgung gestellt wird<\/p>\n\n\n\n<p><strong>Aufnahme<\/strong> \u2013 Beschaffung und Auswahl von Kandidaten f\u00fcr die Teilnahme an dem Programm<\/p>\n\n\n\n<p><strong>Teilnahmegeb\u00fchr <\/strong>\u2013 Geb\u00fchr, die vom Kandidaten oder von seinem Arbeitgeber f\u00fcr die Teilnahme am Programm auf das Bankkonto des Studium Wodoru eingezahlt wird, um einen Teil der Kosten f\u00fcr die Organisation des Programms zu decken<\/p>\n\n\n\n<p><strong>Programmanbieter<\/strong> \u2013 Carl von Ossietzky Universit\u00e4t Oldenburg<\/p>\n\n\n\n<p><strong>Anmeldeformular<\/strong> \u2013 ein auf der Website des Organisators verf\u00fcgbares Formular f\u00fcr die Bewerbung zur Teilnahme am Programm<\/p>\n\n\n\n<p><strong>Programm<\/strong> \u2013 eigenes Programm, das von Studium Wodoru gemeinsam mit der Universit\u00e4t Oldenburg unter dem Titel \u201eWasserstoff f\u00fcr TOP-Manager\u201c durchgef\u00fchrt wird<\/p>\n\n\n\n<p><strong>\u00a71 Allgemeine Bestimmungen<\/strong><\/p>\n\n\n\n<ol class=\"wp-block-list\">\n<li>Die Ordnung des Programms \u201eWasserstoff f\u00fcr Top-Manager\u201c, im Folgenden \u201eOrdnung\u201c genannt, legt die allgemeinen Grunds\u00e4tze der Organisation und der Teilnahme am Programm sowie die damit verbundenen Rechte und Pflichten der Programmteilnehmer fest. Das Programm wird von Studium Wodoru sp. z o. o. mit Sitz in Zgorzelec, im Folgenden \u201eOrganisator\u201c genannt, organisiert.<\/li>\n<\/ol>\n\n\n\n<p><strong>\u00a72 Teilnehmer<\/strong><\/p>\n\n\n\n<ol class=\"wp-block-list\">\n<li>Ein Teilnehmer kann eine Person mit Hochschulabschluss sein, ungeachtet der Fachrichtung.<\/li>\n\n\n\n<li>Bei juristischen Personen und Organisationen ohne eigene Rechtspers\u00f6nlichkeit kann der Teilnehmer ein Angestellter oder eine Person sein, die mit einer solchen Organisation pers\u00f6nlich oder kapitalm\u00e4\u00dfig verbunden ist.<\/li>\n<\/ol>\n\n\n\n<p><strong>\u00a73 Ablauf der Programmdurchf\u00fchrung<\/strong><\/p>\n\n\n\n<ol class=\"wp-block-list\">\n<li>Das Programm wird als Pr\u00e4senz- oder Online-Kurs durchgef\u00fchrt, einschlie\u00dflich als Fernunterricht, nachstehend \u201eOnline-Unterricht\u201c genannt.<\/li>\n\n\n\n<li>Der Organisator beh\u00e4lt sich das Recht vor, einen Teil des Programms als Fern- oder Pr\u00e4senz-Unterricht zu einem vom Organisator angegebenen Zeitpunkt und Ort durchzuf\u00fchren. Der Organisator entscheidet \u00fcber die Form der Durchf\u00fchrung von verschiedenen Programmstufen.<\/li>\n<\/ol>\n\n\n\n<p><strong>\u00a74 Fachlicher Inhalt des Programms \u2013 Ziel des Studiums<\/strong><\/p>\n\n\n\n<ol class=\"wp-block-list\">\n<li>Ziel des Programms ist die Vertiefung des Wissens \u00fcber die Bewertung, Entwicklung und das Management von Wasserstoffprojekten, das im Rahmen des in Zusammenarbeit mit der Universit\u00e4t Oldenburg durchf\u00fchrten Programms \u201eWasserstoff f\u00fcr Top-Manager\u201c vermittelt wird. Das Programm richtet sich an F\u00fchrungskr\u00e4fte von Unternehmen und Institutionen, die die Notwendigkeit einer schnellen Energiewende erkannt haben.<\/li>\n\n\n\n<li>Ziele des Programms f\u00fcr die Teilnehmer:\n<ol class=\"wp-block-list\">\n<li>Erwerb der theoretischen und praktischen Kenntnisse zur Vorbereitung der Teilnehmer auf die komplexen Herausforderungen in diesem innovativen Sektor,<\/li>\n\n\n\n<li>Erwerb der Kenntnisse im Bereich der Planung, Durchf\u00fchrung und Bewertung von Wasserstoffprojekten sowie Aufbau des interdisziplin\u00e4ren Know-hows in den Bereichen Technologie, Genehmigungen, Rechtsfragen und Finanzierung,<\/li>\n\n\n\n<li>Erwerb der F\u00e4higkeit, die Projekte aus verschiedenen Perspektiven zu bewerten: aus der Sicht des Ingenieurs, des Investors und des Nutzers,<\/li>\n\n\n\n<li>Aufnahme der Kontakte in der Wasserstoffbranche.<\/li>\n<\/ol>\n<\/li>\n<\/ol>\n\n\n\n<p><strong>\u00a75 Lernprogramm<\/strong><\/p>\n\n\n\n<ol class=\"wp-block-list\">\n<li>Das Programm wird vom Organisator in Absprache mit dem Programmanbieter festgelegt.<\/li>\n\n\n\n<li>Das Lernprogramm ist in drei Lernsequenzen unterteilt und wird in Form von Einzelseminaren durchgef\u00fchrt. Es sind sechs Pr\u00e4senzseminare geplant, auf die sich die Teilnehmer auch online vorbereiten. Die von polnischen Dozenten gehaltenen Vortr\u00e4ge werden simultan \u00fcbersetzt.<\/li>\n\n\n\n<li>Die Lernunterlagen in deutscher Sprache werden \u00fcber den digitalen C3L-Campus zur Verf\u00fcgung gestellt, und Mentoren vermitteln nicht nur Wissen \u00fcber aktuelle Entwicklungen und Forschungsergebnisse, sondern bieten auch individuelle Unterst\u00fctzung. W\u00e4hrend der einzelnen Seminare vertiefen die Lehrenden die einzelnen Themen der Sequenz und legen die Grundlagen f\u00fcr die begleitende Projektarbeit.<\/li>\n\n\n\n<li>Die Teilnehmer werden ein technisches Projekt (Fallstudie) mit Musterverwaltungsentscheidungen und Finanzanalysen durchf\u00fchren. Das Projekt wird verschiedene Aspekte der Wasserstofftechnologien (technische Merkmale, Verfahrenstechnik, Gesch\u00e4ftsmodelle, Genehmigungen, Finanzierung und Betriebsmanagement) umfassen. Dieses Vorgehen gibt einen konkreten Einblick in die praktische Projektumsetzung. Die Arbeit findet in Teams von bis zu acht Personen statt. Es wird somit ein fertiger Gesch\u00e4ftsplan f\u00fcr eine Objektgesellschaft in Deutschland entstehen. Zum Schluss werden die Teams eine professionelle Due-Diligence-Pr\u00fcfung des Projekts des konkurrierenden Team durchf\u00fchren. Bei der Projektarbeit kann jedes Team auf die Unterst\u00fctzung eines Koordinators z\u00e4hlen, sowohl w\u00e4hrend als auch au\u00dferhalb des Unterrichts (\u00fcber die E-Learning-Plattform, per E-Mail oder in Telefonkonferenzen).<\/li>\n\n\n\n<li>Jeder Teilnehmer bereitet sein individuelles Projekt im Wasserstoffbereich vor: in Form eines Projektkonzepts, eines Gesch\u00e4ftsplans f\u00fcr eigene Anlage oder als Problemstudie f\u00fcr einen Wirtschaftsbereich, der mit Wasserstoff verbunden ist.<\/li>\n\n\n\n<li>Im Rahmen des Programms werden Exkursionen zu Wasserstoff-Betrieben in Deutschland organisiert: Wasserstoffproduzenten, Hersteller von Wasserstoffproduktions- und -speicheranlagen, Unternehmen, die den gr\u00fcnen Wasserstoff verwenden. Die Studienreisen dienen zur Verkn\u00fcpfung von Theorie und Praxis.<\/li>\n\n\n\n<li>Jedes Seminar wird vom Kamingespr\u00e4ch begleitet. In diesem privaten Treffen erz\u00e4hlt ein Mentor \u00fcber seine Erfahrungen in der Branche, die Projekte und Aufgaben, bei denen er mitgewirkt hat. Das Kamingespr\u00e4ch ist auch eine Gelegenheit zur Integration sowie zum Erfahrungs- und Meinungsaustausch zwischen den Programmteilnehmern.<\/li>\n<\/ol>\n\n\n\n<p><strong>\u00a76 Bewerbungsverfahren<\/strong><\/p>\n\n\n\n<ol class=\"wp-block-list\">\n<li>Im Bewerbungsverfahren muss man das Bewerbungsformular unter www.studiumwodoru.pl herunterladen und gem\u00e4\u00df \u00a76 Pkt. 2 der Ordnung ausf\u00fcllen.<\/li>\n\n\n\n<li>Der Kandidat muss das Bewerbungsformular korrekt ausf\u00fcllen und folgende Informationen angeben:\n<ol class=\"wp-block-list\">\n<li>pers\u00f6nliche Daten, insbesondere Vor- und Nachname,<\/li>\n\n\n\n<li>Informationen \u00fcber seine Ausbildung,<\/li>\n\n\n\n<li>Informationen \u00fcber den ausge\u00fcbten Beruf,<\/li>\n\n\n\n<li>Beschreibung des Projekts\/Problems, das im Rahmen des Programms behandelt wird.<\/li>\n<\/ol>\n<\/li>\n\n\n\n<li>Der Kandidat muss zum Antragsformular mit den in \u00a76 Pkt. 2 der Ordnung angegebenen Informationen zus\u00e4tzlich sein Lebenslauf beif\u00fcgen.<\/li>\n\n\n\n<li>Der Kandidat ist verpflichtet, das Bewerbungsformular unter www.studiumwodoru.pl zusammen mit den in \u00a76 der Ordnung genannten Unterlagen korrekt auszuf\u00fcllen.<\/li>\n\n\n\n<li>Die Bewerbungen werden nur in elektronischer Form gem\u00e4\u00df \u00a76 Pkt. 4 der Ordnung angenommen.<\/li>\n\n\n\n<li>Der Kandidat kann sich bis zum 31. Juli 2024 bewerben. Die nach diesem Datum eingehenden Bewerbungen werden nicht ber\u00fccksichtigt.<\/li>\n\n\n\n<li>Der Organisator beh\u00e4lt sich das Recht vor, bei der Aussch\u00f6pfung der 24 vorgesehenen Pl\u00e4tze die Bewerbungsfrist zu verk\u00fcrzen. Die Kandidaten, die sich nach diesem Datum bewerben, k\u00f6nnen auf eine Warteliste aufgenommen werden. Es besteht die M\u00f6glichkeit, den Teilnehmer f\u00fcr die n\u00e4chste Auflage des Programms anzumelden.<\/li>\n\n\n\n<li>Der Organisator beh\u00e4lt sich das Recht vor, nach dem in \u00a76 Pkt. 6 der Ordnung genannten Datum ein zus\u00e4tzliches Aufnahmeverfahren zu organisieren. In diesem Fall wird der Organisator \u00fcber ein neues Aufnahmeverfahren informieren, indem er einen neuen Endtermin f\u00fcr die Einreichung von Bewerbungen mitteilt.<\/li>\n\n\n\n<li>Der Organisator beh\u00e4lt sich das Recht vor, die Kandidaten auf der Grundlage des eingereichten Lebenslaufs auszuw\u00e4hlen.<\/li>\n\n\n\n<li>Der Organisator informiert die Kandidaten \u00fcber die Aufnahme per E-Mail an die im Bewerbungsformular angegebene Adresse.<\/li>\n\n\n\n<li>Der Vertrag \u00fcber die Teilnahme am Programm wird abgeschlossen, sobald der Kandidat die Best\u00e4tigung seiner Aufnahme zur Teilnahme am Programm erhalten hat.<\/li>\n<\/ol>\n\n\n\n<p><strong>\u00a77 Recht auf Verzicht auf Teilnahme am Programm, R\u00fccktrittsrecht<\/strong><\/p>\n\n\n\n<ol class=\"wp-block-list\">\n<li>Der Organisator beh\u00e4lt sich das Recht vor, die Organisation und Durchf\u00fchrung des Programms ohne Angabe von Gr\u00fcnden abzusagen und die Kandidaten bis zum 05.08.2024 dar\u00fcber zu informieren.<\/li>\n\n\n\n<li>Im Falle der Umst\u00e4nde, von denen in \u00a77 Pkt. 1 der Ordnung die Rede ist, verpflichtet sich der Organisator die vom Kandidaten eingezogene Geb\u00fchr innerhalb von 7 Tagen (gerechnet ab dem Tag, an dem der Kandidat \u00fcber den R\u00fccktritt von der Organisation des Programms informiert wurde), in voller H\u00f6he auf das Bankkonto zu \u00fcberweisen, von dem die Zahlung an den Organisator als Teilnahmegeb\u00fchr geleistet wurde.<\/li>\n\n\n\n<li>Jeder Teilnehmer hat das Recht, innerhalb von 14 Tagen ab dem Datum des Vertragsabschlusses vom Vertrag zur\u00fcckzutreten. In solchem Fall erstattet der Organisator die vom Teilnehmer gezahlten Geb\u00fchr in voller H\u00f6he zur\u00fcck (innerhalb der Frist und gem\u00e4\u00df den Regeln, die in \u00a77 Pkt. 2 der Ordnung genannt sind).<\/li>\n<\/ol>\n\n\n\n<p><strong>\u00a78 Verg\u00fctung des Organisators<\/strong><\/p>\n\n\n\n<ol class=\"wp-block-list\">\n<li>Die Teilnahme am Programm ist kostenpflichtig.<\/li>\n\n\n\n<li>Der Kandidat ist verpflichtet, den Nettobetrag von 9 800,00 EUR oder den Gegenwert in polnischer W\u00e4hrung zum Wechselkurs des Tages vor der auf der Pro-forma-Rechnung angegebenen Zahlungsfrist auf das Bankkonto des Organisators zu \u00fcberweisen.<\/li>\n\n\n\n<li>Gem\u00e4\u00df \u00a76 Pkt. 10 der Ordnung ist der Teilnehmer verpflichtet, die Geb\u00fchr innerhalb von 7 Tagen zu zahlen, nachdem er vom Organisator \u00fcber seine Aufnahme informiert wurde. Falls die Zahlung nicht innerhalb der auf der Pro-forma-Rechnung angegebenen Frist erfolgt, wird der Vertrag gek\u00fcndigt.<\/li>\n\n\n\n<li>Als Zahlungsdatum gilt das Datum der Gutschrift auf dem Bankkonto des Organisators.<\/li>\n\n\n\n<li>Auf Antrag des Kandidaten kann der Organisator eine Mehrwertsteuerrechnung ausstellen. Wenn ein Kandidat von seinem Arbeitgeber zur Teilnahme am Programm delegiert wird, wird der Arbeitgeber als Zahler auf der Mehrwertsteuerrechnung angegeben.<\/li>\n\n\n\n<li>Bei der Einschreibung muss der Kandidat zu den ben\u00f6tigten Unterlagen auch die Erkl\u00e4rung beif\u00fcgen, dass er ein aktiver Mehrwertsteuerzahler ist. Er muss auch die korrekten Informationen zwecks Rechnungsstellung angeben. Der Organisator haftet nicht f\u00fcr die Angabe falscher Rechnungsdaten.<\/li>\n<\/ol>\n\n\n\n<p><strong>\u00a79 Programmteilnahme des Kandidaten<\/strong><\/p>\n\n\n\n<ol class=\"wp-block-list\">\n<li>Sobald der Kandidat aufgenommen wird, wird er Teilnehmer des Programms.<\/li>\n\n\n\n<li>Jeder Teilnehmer muss sich auf der E-Learning Plattform \u201eC3L\u201c registrieren.<\/li>\n\n\n\n<li>Jeder Teilnehmer erh\u00e4lt ein individuelles Passwort f\u00fcr die Anmeldung bei der Plattform. Das Passwort wird \u00fcber einen sicheren Link an die im Bewerbungsformular angegebene E-Mail-Adresse geschickt.<\/li>\n\n\n\n<li>Jeder Teilnehmer hat nach korrekter Anmeldung Zugang zu den Materialien der Auflage, an der er teilgenommen hat (Unterrichtsmaterialien, Pr\u00e4sentationen, Einsicht in vorbereitete Gruppenprojekte).<\/li>\n\n\n\n<li>Der Teilnehmer erh\u00e4lt die M\u00f6glichkeit der Teilnahme an Online-Treffen \u00fcber die Plattform. Die Fragmente aus den Online-Sitzungen in deutscher Sprache (die nicht obligatorisch sind und zus\u00e4tzlich zu den geplanten Pr\u00e4senz-Seminaren stattfinden) werden aufgezeichnet. Diese Dateien werden auf der Plattform f\u00fcr abwesende Teilnehmer ver\u00f6ffentlicht. Unabh\u00e4ngig davon hat jeder Teilnehmer nach der Anmeldung beim C3L-Campus den Zugang zum Alumni-Forum, d.h. einer Alumni-Datenbank mit allen ehemaligen Teilnehmern aus Polen und Deutschland.<\/li>\n\n\n\n<li>Mit der Teilnahme an den Online-Treffen erkl\u00e4ren sich die Teilnehmer bereit, den Lehrenden pers\u00f6nliche Daten (Vor- und Nachname, E-Mail-Adresse, Telefonnummer, Arbeitsstelle) f\u00fcr die ordnungsgem\u00e4\u00dfe Durchf\u00fchrung des Unterrichts und die \u00dcberpr\u00fcfung der Anwesenheitsliste zur Verf\u00fcgung zu stellen. Au\u00dferdem sind die Teilnehmer damit einverstanden, ihr Bild \u00fcber das externe Videokonferenz-Tool gem\u00e4\u00df den Datenschutzbestimmungen dieses Tools zu teilen. Dies ist gleichbedeutend mit dem Einverst\u00e4ndnis, dass andere Teilnehmer diese Daten sehen k\u00f6nnen.<\/li>\n\n\n\n<li>Die Teilnehmer d\u00fcrfen keine Links und\/oder Passw\u00f6rter zu ihren Konten f\u00fcr die Anmeldung auf der jeweiligen Plattform (je nach Art der Aktivit\u00e4t) an andere Teilnehmer und Dritte weitergeben. Sie d\u00fcrfen auch keine Links und\/oder Passw\u00f6rter und Konten anderer Teilnehmer nutzen.<\/li>\n\n\n\n<li>Die Teilnehmer sind zur Beachtung des Urheberrechts verpflichtet. Die Rechte an den im Rahmen des Unterrichts geschaffenen Werken (auch in m\u00fcndlicher Form), unterliegen dem in den einschl\u00e4gigen Vorschriften vorgesehenen Rechtsschutz, und die Verletzung dieser Rechte, insbesondere durch Verbreitung, Vervielf\u00e4ltigung und Bereitstellung ohne Zustimmung der Urheber oder durch \u00dcberschreitung der Grenzen der zul\u00e4ssigen Nutzung, kann eine Haftung begr\u00fcnden und die Streichung des Teilnehmers von der Teilnehmerliste zur Folge haben. Dabei ist die Haftung f\u00fcr Sch\u00e4den nicht ausgeschlossen.<\/li>\n\n\n\n<li>Die Teilnehmer d\u00fcrfen den Unterricht nicht f\u00fcr unangemessene Inhalte, Werbung, Anzeigen oder andere Informationen nutzen, die keinen Bezug zum Bildungsprozess haben.<\/li>\n<\/ol>\n\n\n\n<p><strong>\u00a710 Pflichten des Programmorganisators<\/strong><\/p>\n\n\n\n<ol class=\"wp-block-list\">\n<li>Der Organisator hat folgende Pflichten:\n<ol class=\"wp-block-list\">\n<li>Bereitstellung der Lehrkr\u00e4fte mit ben\u00f6tigten Fachkompetenzen,<\/li>\n\n\n\n<li>im Falle des Pr\u00e4senz-Unterrichts \u2013 Bereitstellung erforderlicher Unterrichtsr\u00e4ume und Ausstattung, die f\u00fcr die ordnungsgem\u00e4\u00dfe Durchf\u00fchrung des Programms n\u00f6tig sind,<\/li>\n\n\n\n<li>administrative und technische Unterst\u00fctzung f\u00fcr die Teilnehmer und das Programm,<\/li>\n\n\n\n<li>im Falle von Online-Schulungen sollte der Organisator per E-Mail einen Link senden, der die Nutzung der Online-Plattform f\u00fcr die Durchf\u00fchrung der Treffen erm\u00f6glicht.<\/li>\n<\/ol>\n<\/li>\n<\/ol>\n\n\n\n<p><strong>\u00a711 Online-Schulung<\/strong><\/p>\n\n\n\n<ol class=\"wp-block-list\">\n<li>Die Online-Teile des Programms finden auf der Plattform statt, die der Organisator den Teilnehmern zur Verf\u00fcgung stellt.<\/li>\n\n\n\n<li>Die Teilnehmer sind selbst f\u00fcr ihre Sicherheit im Internet verantwortlich und sorgen f\u00fcr eigenen Zugang:\n<ol class=\"wp-block-list\">\n<li>zum leistungsf\u00e4higen Laptop\/Computer oder einem anderen Ger\u00e4t mit Internetzugang,<\/li>\n\n\n\n<li>zum aktualisierten System und Software,<\/li>\n\n\n\n<li>zur stabilen Internetverbindung (vorzugsweise permanenter Anschluss),<\/li>\n\n\n\n<li>zum funktionierenden Mikrofon und einer Webcam, wenn das im Unterricht erforderlich ist,<\/li>\n\n\n\n<li>zu einem ruhigen Raum, der eine ungehinderte Kommunikation erm\u00f6glicht.<\/li>\n<\/ol>\n<\/li>\n\n\n\n<li>Falls n\u00f6tig wird empfohlen, die f\u00fcr den Unterricht ben\u00f6tigte Software ggf. direkt von den Websites der Hersteller herunterzuladen.<\/li>\n\n\n\n<li>Die Anmeldung bei der Plattform \u00fcber nicht vertrauensw\u00fcrdige Ger\u00e4te oder \u00f6ffentliche, ungesicherte Wi-Fi-Netzwerke an zuf\u00e4lligen Orten ist nicht empfohlen.<\/li>\n\n\n\n<li>Der Organisator haftet nicht f\u00fcr die Unm\u00f6glichkeit, die Videokonferenztools und\/oder die Plattform aus technischen Gr\u00fcnden zu nutzen, die au\u00dferhalb seiner Kontrolle liegen.<\/li>\n<\/ol>\n\n\n\n<p><strong>\u00a712 Schutz personenbezogener Daten<\/strong><\/p>\n\n\n\n<ol class=\"wp-block-list\">\n<li>Der Teilnehmer erkl\u00e4rt sich damit einverstanden, dass der Organisator und die Partner seine pers\u00f6nlichen Daten, die er im Bewerbungsformular angegeben hat, f\u00fcr die Organisation und Durchf\u00fchrung des Bewerbungsverfahrens f\u00fcr das Programm verwenden.<\/li>\n\n\n\n<li>Der Teilnehmer erkl\u00e4rt sich damit einverstanden, dass der Organisator und die Partner seine personenbezogenen Daten f\u00fcr die Zwecke der Teilnahme am Programm verarbeiten.<\/li>\n\n\n\n<li>Der Teilnehmer erkl\u00e4rt sich au\u00dferdem damit einverstanden, dass der Organisator seine pers\u00f6nlichen Daten in Form von Vor- und Nachname sowie Bild in Fernseh-, Rundfunk-, Internetsendungen und in Druckform, Fotos oder Videoaufnahmen im Zusammenhang mit dem Programm ver\u00f6ffentlicht. Die Verwendung des Bildes ist kostenlos.<\/li>\n\n\n\n<li>Mit der Annahme der Ordnung ist der Teilnehmer damit einverstanden, dass der Organisator das aufgenommene Bild f\u00fcr einen Zeitraum von 10 Jahren verwenden darf.<\/li>\n\n\n\n<li>Der Verwalter von personenbezogenen Daten, die im Zusammenhang mit der Teilnahme am Programm erhoben werden, ist Studium Wodoru sp. z o. o. mit Sitz in Zgorzelec, ul. Daszy\u0144skiego 54a, 59-900 Zgorzelec, f\u00fcr die das Bezirksgericht f\u00fcr Breslau Fabryczna in Breslau, IX Handelsabteilung des Landesgerichtsregisters, die Eintragungsakten unter der folgenden Nummer des Landesgerichtsregisters f\u00fchrt: 0001069036 sowie der Programmanbieter \u2013 Universit\u00e4t Oldenburg, Ammerl\u00e4nder Heerstra\u00dfe 114-118, 26129 Oldenburg, Deutschland.<\/li>\n\n\n\n<li>Der Datenschutzbeauftragte bei Studium Wodoru kann unter folgender E-Mail-Adresse kontaktiert werden: biuro@studiumwodoru.pl.<\/li>\n\n\n\n<li>Der Datenschutzbeauftragte kann auch schriftlich unter der in \u00a7 12 Pkt. 5 der Ordnung genannten Anschrift des Firmensitzes kontaktiert werden (mit dem Zusatz \u201eDatenschutzbeauftragte\u201c). Die Angaben zum Datenschutzbeauftragten sind auch unter www.studiumwodoru.pl im Tab mit der Informationsklausel zur Datenschutz-Grundverordnung zu finden.<\/li>\n\n\n\n<li>Die personenbezogenen Daten von Programmteilnehmern werden f\u00fcr die in dieser Ordnung genannten Zwecke verarbeitet, insbesondere f\u00fcr folgende Zwecke:\n<ol class=\"wp-block-list\">\n<li>Bewertung der eingereichten Bewerbungen und Unterlagen,<\/li>\n\n\n\n<li>Durchf\u00fchrung des Bewerbungsprozesses,<\/li>\n\n\n\n<li>Wahl der Kandidaten f\u00fcr die Teilnahme an dem von Studium Wodoru organisierten Programm,<\/li>\n\n\n\n<li>Bearbeitung von Anfragen, Beschwerden und Antr\u00e4gen,<\/li>\n\n\n\n<li>Bearbeitung, Untersuchung und Ablehnung von Anspr\u00fcchen.<\/li>\n<\/ol>\n<\/li>\n\n\n\n<li>Die Rechtsgrundlage f\u00fcr die Verarbeitung der personenbezogenen Daten von Kandidaten und Programmteilnehmern zu den in Absatz 3 genannten Zwecken ist:\n<ol class=\"wp-block-list\">\n<li>Art. 6.1.a. der Datenschutz-Grundverordnung, d.h. die Zustimmung des Teilnehmers zu den Zwecken, die in \u00a712 Pkt. 8 der Ordnung genannt sind.<\/li>\n\n\n\n<li>Art. 6 Abs. 1 Buchstabe f) der Datenschutz-Grundverordnung, d. h. das berechtigte Interesse des f\u00fcr die Verarbeitung Verantwortlichen f\u00fcr die Zwecke, die in \u00a712 Pkt. 8 der Ordnung genannt sind.<\/li>\n<\/ol>\n<\/li>\n\n\n\n<li>Personenbezogene Daten werden f\u00fcr den Zeitraum verarbeitet, der f\u00fcr die Durchf\u00fchrung der Aktivit\u00e4ten im Zusammenhang mit dem Programm erforderlich ist, sowie f\u00fcr den gesetzlich vorgesehenen Zeitraum und dar\u00fcber hinaus bis zum Erl\u00f6schen der gegenseitigen Anspr\u00fcche im Zusammenhang mit der Teilnahme und der Organisation des Programms.<\/li>\n\n\n\n<li>Personenbezogene Daten k\u00f6nnen von Studium Wodoru sp. z o. o. mit Sitz in Zgorzelec an Einrichtungen weitergegeben werden, die mit ihr bei der Durchf\u00fchrung des Programms zusammenarbeiten (Empf\u00e4nger), wenn dies f\u00fcr die Durchf\u00fchrung der in \u00a7 12 Pkt. 8 der Ordnung genannten Verarbeitungszwecke erforderlich ist. Sie k\u00f6nnen auch an Unternehmen weitergegeben werden, die IT-Dienste, Rechnungsstellung, Abrechnungsdienste, Post- und Paketzustelldienste, Beratungsdienste, Rechtsdienste, Vindikationsdienstleistungen, Archivierungsdienste und Sicherheitsdienste f\u00fcr Personen und Sachen anbieten.<\/li>\n\n\n\n<li>Der Teilnehmer hat folgende Rechte in Bezug auf die Verarbeitung seiner personenbezogenen Daten:\n<ol class=\"wp-block-list\">\n<li>das Recht auf Zugang zum Inhalt der personenbezogenen Daten,<\/li>\n\n\n\n<li>das Recht auf Berichtigung oder L\u00f6schung von personenbezogenen Daten,<\/li>\n\n\n\n<li>das Recht auf Einschr\u00e4nkung der Datenverarbeitung,<\/li>\n\n\n\n<li>das Recht auf Daten\u00fcbertragung auf einen anderen f\u00fcr die Verarbeitung Verantwortlichen,<\/li>\n\n\n\n<li>das Recht auf Widerspruch gegen die Verarbeitung in F\u00e4llen, in denen die Verarbeitung personenbezogener Daten auf einem berechtigten Interesse des f\u00fcr die Verarbeitung Verantwortlichen beruht.<\/li>\n<\/ol>\n<\/li>\n\n\n\n<li>Der Teilnehmer hat das Recht, eine Beschwerde beim Pr\u00e4sidenten der Datenschutzbeh\u00f6rde einzureichen.<\/li>\n<\/ol>\n\n\n\n<p><strong>\u00a713 Schlussbestimmungen<\/strong><\/p>\n\n\n\n<ol class=\"wp-block-list\">\n<li>Der Organisator beh\u00e4lt sich das Recht vor, die Bestimmungen der Ordnung endg\u00fcltig und verbindlich auszulegen, Streitigkeiten im Zusammenhang mit deren Anwendung zu schlichten und alle Fragen im Zusammenhang mit der Teilnahme am Programm zu kl\u00e4ren, unbeschadet der Zust\u00e4ndigkeit anderer Stellen, insbesondere der ausschlie\u00dflichen Zust\u00e4ndigkeit des Organisators f\u00fcr die Entscheidung \u00fcber die Teilnahmeberechtigung.<\/li>\n\n\n\n<li>Der Organisator beh\u00e4lt sich das Recht vor, die Anzahl der am Programm teilnehmenden Personen zu \u00e4ndern.<\/li>\n\n\n\n<li>Der Organisator haftet nicht f\u00fcr die rechtzeitige Zustellung von Korrespondenz, die per Post oder E-Mail verschickt wird. Sofern in der Ordnung nichts anderes angegeben ist, wird der Schriftverkehr per E-Mail gef\u00fchrt.<\/li>\n\n\n\n<li>Die Teilnehmer sind verpflichtet, ihre E-Mails regelm\u00e4\u00dfig zu \u00fcberpr\u00fcfen. Sollten Kommunikationsprobleme auftreten, sind die Teilnehmer verpflichtet, den Organisator unverz\u00fcglich dar\u00fcber zu informieren.<\/li>\n\n\n\n<li>Die vorliegende Ordnung tritt mit Wirkung vom 21. April 2023 in Kraft.<\/li>\n<\/ol>\n","protected":false},"excerpt":{"rendered":"<p>\u201eWasserstoff f\u00fcr Top-Manager\u201c Definitionen Studium Wodoru (Deutsch: Wasserstoffstudium) \u2013 Studium Wodoru sp. z o. o. mit Sitz in Zgorzelec, ul. Daszy\u0144skiego 54a, 59-900 Zgorzelec, f\u00fcr die<span class=\"excerpt-hellip\"> [\u2026]<\/span><\/p>\n","protected":false},"author":3,"featured_media":0,"parent":0,"menu_order":0,"comment_status":"open","ping_status":"open","template":"","meta":{"footnotes":""},"class_list":["post-220","page","type-page","status-publish","hentry"],"_links":{"self":[{"href":"https:\/\/de.studiumwodoru.pl\/en\/wp-json\/wp\/v2\/pages\/220","targetHints":{"allow":["GET"]}}],"collection":[{"href":"https:\/\/de.studiumwodoru.pl\/en\/wp-json\/wp\/v2\/pages"}],"about":[{"href":"https:\/\/de.studiumwodoru.pl\/en\/wp-json\/wp\/v2\/types\/page"}],"author":[{"embeddable":true,"href":"https:\/\/de.studiumwodoru.pl\/en\/wp-json\/wp\/v2\/users\/3"}],"replies":[{"embeddable":true,"href":"https:\/\/de.studiumwodoru.pl\/en\/wp-json\/wp\/v2\/comments?post=220"}],"version-history":[{"count":20,"href":"https:\/\/de.studiumwodoru.pl\/en\/wp-json\/wp\/v2\/pages\/220\/revisions"}],"predecessor-version":[{"id":590,"href":"https:\/\/de.studiumwodoru.pl\/en\/wp-json\/wp\/v2\/pages\/220\/revisions\/590"}],"wp:attachment":[{"href":"https:\/\/de.studiumwodoru.pl\/en\/wp-json\/wp\/v2\/media?parent=220"}],"curies":[{"name":"wp","href":"https:\/\/api.w.org\/{rel}","templated":true}]}}